{"id":11,"date":"2013-08-23T18:15:39","date_gmt":"2013-08-23T18:15:39","guid":{"rendered":"http:\/\/acornamigos.se\/wp\/?page_id=11"},"modified":"2020-05-06T10:58:23","modified_gmt":"2020-05-06T10:58:23","slug":"bandet","status":"publish","type":"page","link":"https:\/\/acornamigos.se\/wp\/bandet\/","title":{"rendered":"Bandet"},"content":{"rendered":"<p><a href=\"http:\/\/acornamigos.se\/wp\/wp-content\/uploads\/2020\/05\/nyfront.jpg\"><img loading=\"lazy\" decoding=\"async\" class=\"alignleft size-full wp-image-1191\" src=\"http:\/\/acornamigos.se\/wp\/wp-content\/uploads\/2020\/05\/nyfront.jpg\" alt=\"\" width=\"750\" height=\"498\" \/><\/a><\/p>\n<p><span style=\"font-family: Arial;\">Acorn Amigos \u00e4r coverbandet som <\/span><span style=\"font-family: Arial;\">spelar allt fr\u00e5n r\u00f6jig rock till partypop och gosiga ballader fr\u00e5n d\u00e5 och nu.<\/span> <span style=\"font-family: Arial;\">Vi<\/span><span style=\"font-family: Arial;\"> har funnits sedan 1998 och vi har l\u00e5ng erfarenhet fr\u00e5n livespelningar p\u00e5 nattklubbar, privatfester och f\u00f6retagsevent. <\/span><\/p>\n<p><span style=\"font-family: Arial;\">V\u00e5ra musikaliska v\u00e4gar har korsat varandra p\u00e5 olika s\u00e4tt \u00e4nda sedan slutet av 80-talet. Vi har genom \u00e5ren spelat i olika bandkonstellationer s\u00e5 som bl.a Undercover, X-Rated, The Crew och Sansacs. <\/span><span style=\"font-family: Arial;\">V\u00e5ra spelningar \u00e4r alltid fulla av energi, publikkontakt och till 100% live. Vi fyller ditt tomma dansgolv med hoppande partysugna m\u00e4nniskor och g\u00f6r det dessutom till ett mycket humant pris.<\/span><\/p>\n<p><span style=\"font-family: Arial;\">Acorn Amigos har egen ljud- och ljusanl\u00e4ggning som r\u00e4cker till lokaler som hyser mellan 50-500 personer.<\/span><\/p>\n<div id=\"layer8\"><span style=\"font-family: Arial;\">Vill du boka oss f\u00f6r en spelning? Kontakta oss p\u00e5 mail: <\/span><span style=\"color: #0000ff;\"><span style=\"text-decoration: underline;\"><span style=\"font-family: Arial;\"><a href=\"mailto:info@acornamigos.se\"><span style=\"color: #800000;\">info@acornamigos.se<\/span><\/a><\/span><\/span><\/span><\/div>\n","protected":false},"excerpt":{"rendered":"<p>Acorn Amigos \u00e4r coverbandet som spelar allt fr\u00e5n r\u00f6jig rock till partypop och gosiga ballader fr\u00e5n d\u00e5 och nu. Vi har funnits sedan 1998 och vi har l\u00e5ng erfarenhet fr\u00e5n<\/p>\n<p class=\"more-link\"><a href=\"https:\/\/acornamigos.se\/wp\/bandet\/\" class=\"readmore\">Forts\u00e4tt l\u00e4sa<span class=\"screen-reader-text\">Bandet<\/span><\/a><\/p>\n","protected":false},"author":2,"featured_media":0,"parent":0,"menu_order":0,"comment_status":"closed","ping_status":"closed","template":"","meta":{"footnotes":""},"class_list":["post-11","page","type-page","status-publish","hentry"],"_links":{"self":[{"href":"https:\/\/acornamigos.se\/wp\/wp-json\/wp\/v2\/pages\/11","targetHints":{"allow":["GET"]}}],"collection":[{"href":"https:\/\/acornamigos.se\/wp\/wp-json\/wp\/v2\/pages"}],"about":[{"href":"https:\/\/acornamigos.se\/wp\/wp-json\/wp\/v2\/types\/page"}],"author":[{"embeddable":true,"href":"https:\/\/acornamigos.se\/wp\/wp-json\/wp\/v2\/users\/2"}],"replies":[{"embeddable":true,"href":"https:\/\/acornamigos.se\/wp\/wp-json\/wp\/v2\/comments?post=11"}],"version-history":[{"count":30,"href":"https:\/\/acornamigos.se\/wp\/wp-json\/wp\/v2\/pages\/11\/revisions"}],"predecessor-version":[{"id":1195,"href":"https:\/\/acornamigos.se\/wp\/wp-json\/wp\/v2\/pages\/11\/revisions\/1195"}],"wp:attachment":[{"href":"https:\/\/acornamigos.se\/wp\/wp-json\/wp\/v2\/media?parent=11"}],"curies":[{"name":"wp","href":"https:\/\/api.w.org\/{rel}","templated":true}]}}